{"id":5,"date":"2014-06-04T19:01:17","date_gmt":"2014-06-04T17:01:17","guid":{"rendered":"http:\/\/www.zmajica.com\/?page_id=5"},"modified":"2014-10-29T20:59:18","modified_gmt":"2014-10-29T19:59:18","slug":"psiholosko-edukativni-centar-zmajica","status":"publish","type":"page","link":"https:\/\/www.zmajica.com\/","title":{"rendered":""},"content":{"rendered":"<p><div id=\"metaslider-id-384\" style=\"width: 100%; margin: 0 auto;\" class=\"ml-slider-3-107-0 metaslider metaslider-nivo metaslider-384 ml-slider ms-theme-default\" role=\"region\" aria-label=\"Po\u010detna\" data-height=\"300\" data-width=\"900\">\n    <div id=\"metaslider_container_384\">\n        <div class='slider-wrapper theme-default'><div class='ribbon'><\/div><div id='metaslider_384' class='nivoSlider'><img src=\"https:\/\/www.zmajica.com\/wp-content\/uploads\/shutterstock_900\u00d7340-e1408719171639-897x299.jpg\" height=\"300\" width=\"900\" alt=\"\" class=\"slider-384 slide-284 msDefaultImage\" \/><img src=\"https:\/\/www.zmajica.com\/wp-content\/uploads\/dragons_900\u00d7340-e1408742947741-897x299.jpg\" height=\"300\" width=\"900\" alt=\"\" class=\"slider-384 slide-283 msDefaultImage\" \/><img src=\"https:\/\/www.zmajica.com\/wp-content\/uploads\/shutterstock_961379721-900x300.jpg\" height=\"300\" width=\"900\" alt=\"\" class=\"slider-384 slide-386 msDefaultImage\" \/><\/div><\/div>\n        \n    <\/div>\n<\/div><hr class=\"wc-shortcodes-spacing \" style=\"height: 15px\" \/><\/p>\n<div class=\"wc-shortcodes-row wc-shortcodes-item wc-shortcodes-clearfix\">\n<div class=\"wc-shortcodes-column wc-shortcodes-content wc-shortcodes-three-fourth wc-shortcodes-column-first \">Psiholo\u0161ko-edukativni centar Zmajica je izrastao iz sna dvije prijateljice \u010dije su sredi\u0161te \u017eivota oduvijek bila djeca kako njihova tako i ona s kojom ve\u0107 skoro 20-tak godina predano rade.<\/p>\n<p>Svako dijete zaslu\u017euje biti voljeno i podr\u017eano, zaslu\u017euje pomo\u0107 u onome \u0161to mu je te\u0161ko i poticaj u onome u \u010demu je najbolje. \u017delja nam je stvoriti mjesto na kojem \u0107e djeca i njihovi roditelji osje\u0107ati da su dobrodo\u0161li, da ih se \u010duje i uva\u017eava, da svaki problem ima rje\u0161enje, te da svaka te\u0161ka situacija zapravo predstavlja priliku za rast (koliko god nam je to nekad te\u0161ko povjerovati u po\u010detku\u2026) i naposljetku da svaki teret sigurno postaje lak\u0161i ako se podijeli.<\/p>\n<p>Na osnovu dugogodi\u0161njeg profesionalnog rada, educiranja, ali i ni\u0161ta manje va\u017enog, \u017eivotnog iskustva podizanja vlastite djece, na\u0161a je misija pomo\u0107i vam da bolje razumijete u \u010demu le\u017ei problem, kako prepoznati snage i slabosti djeteta, te pru\u017eiti vam potrebna znanja i vje\u0161tine kako bi se osna\u017eili i sigurnije i uspje\u0161nije nosili s izazovima roditeljstva.<\/p>\n<p>Dobrodo\u0161li!<\/p>\n<\/div>\n<div class=\"wc-shortcodes-column wc-shortcodes-content wc-shortcodes-one-fourth wc-shortcodes-column-last \">\n<\/div>\n<\/div>\n<p>&nbsp;<\/p>\n<p><script>\/\/ <![CDATA[\n(function(i,s,o,g,r,a,m){i['GoogleAnalyticsObject']=r;i[r]=i[r]||function(){\n  (i[r].q=i[r].q||[]).push(arguments)},i[r].l=1*new Date();a=s.createElement(o),\n  m=s.getElementsByTagName(o)[0];a.async=1;a.src=g;m.parentNode.insertBefore(a,m)\n  })(window,document,'script','\/\/www.google-analytics.com\/analytics.js','ga');\n\n  ga('create', 'UA-52765458-1', 'auto');\n  ga('require', 'displayfeatures');\n  ga('send', 'pageview');\n\n\/\/ ]]><\/script><\/p>\n","protected":false},"excerpt":{"rendered":"<p>Psiholo\u0161ko-edukativni centar Zmajica je izrastao iz sna dvije prijateljice \u010dije su sredi\u0161te \u017eivota oduvijek bila djeca kako njihova tako i ona s kojom ve\u0107 skoro 20-tak godina predano rade. Svako dijete zaslu\u017euje biti voljeno i podr\u017eano, zaslu\u017euje pomo\u0107 u onome \u0161to mu je te\u0161ko i poticaj u onome u \u010demu je najbolje. \u017delja nam je [&hellip;]<\/p>\n","protected":false},"author":1,"featured_media":0,"parent":0,"menu_order":0,"comment_status":"closed","ping_status":"closed","template":"","meta":[],"_links":{"self":[{"href":"https:\/\/www.zmajica.com\/index.php?rest_route=\/wp\/v2\/pages\/5"}],"collection":[{"href":"https:\/\/www.zmajica.com\/index.php?rest_route=\/wp\/v2\/pages"}],"about":[{"href":"https:\/\/www.zmajica.com\/index.php?rest_route=\/wp\/v2\/types\/page"}],"author":[{"embeddable":true,"href":"https:\/\/www.zmajica.com\/index.php?rest_route=\/wp\/v2\/users\/1"}],"replies":[{"embeddable":true,"href":"https:\/\/www.zmajica.com\/index.php?rest_route=%2Fwp%2Fv2%2Fcomments&post=5"}],"version-history":[{"count":43,"href":"https:\/\/www.zmajica.com\/index.php?rest_route=\/wp\/v2\/pages\/5\/revisions"}],"predecessor-version":[{"id":496,"href":"https:\/\/www.zmajica.com\/index.php?rest_route=\/wp\/v2\/pages\/5\/revisions\/496"}],"wp:attachment":[{"href":"https:\/\/www.zmajica.com\/index.php?rest_route=%2Fwp%2Fv2%2Fmedia&parent=5"}],"curies":[{"name":"wp","href":"https:\/\/api.w.org\/{rel}","templated":true}]}}